{"id":10,"date":"2017-07-20T07:32:50","date_gmt":"2017-07-20T06:32:50","guid":{"rendered":"https:\/\/mongroupe.conseil-spirite.org\/index.php\/one-page-express\/"},"modified":"2021-01-31T08:58:19","modified_gmt":"2021-01-31T07:58:19","slug":"one-page-express","status":"publish","type":"page","link":"https:\/\/mongroupe.usff.fr\/","title":{"rendered":"Front Page"},"content":{"rendered":"<div id=\"groupe-details\" style=\"background-color: #ffffff;\" data-label=\"Overlapable\" data-id=\"stripped-coloured-icon-boxes\" data-category=\"overlapable\" class=\"features-coloured-icon-boxes-section\" data-overlap=\"true\">\r\n<div class=\"gridContainer\">\r\n<div class=\"features-coloured-icon-boxes-innerrow flexbox-list dark-text\" data-type=\"row\">\r\n<div class=\"features-coloured-icon-boxes-featurecol cp3cols\">\r\n<div class=\"features-coloured-icon-boxes-iconcontainer\" data-content-item-container=\"true\"><i class=\"features-coloured-icon fa fa-group\" data-cp-fa=\"true\"><\/i><\/div>\r\n<h4 class=\"\">Partager et rencontrer<\/h4>\r\n<p class=\"\">Vous \u00eates curieux ou en recherche, les groupes spirites sont des lieux d\u2019accueil et d\u2019\u00e9changes pour partager autour des th\u00e8mes li\u00e9es au Spiritisme : m\u00e9diumnit\u00e9, r\u00e9incarnation, amour actif, \u2026<\/p>\r\n\r\n<\/div>\r\n<div class=\"features-coloured-icon-boxes-featurecol cp3cols\">\r\n<div class=\"features-coloured-icon-boxes-iconcontainer\" data-content-item-container=\"true\"><i class=\"features-coloured-icon fa fa-comments\" data-cp-fa=\"true\"><\/i><\/div>\r\n<h4 class=\"\">Etudier le Spiritisme<\/h4>\r\n<p class=\"\">D\u00e9sireux d\u2019approfondir vos connaissances, en petit groupe ou via des conf\u00e9rences, vous pourrez aborder le Spiritisme sous ses 3 aspects : scientifique, philosophique et moral.<\/p>\r\n\r\n<\/div>\r\n<div class=\"features-coloured-icon-boxes-featurecol cp3cols\">\r\n<div class=\"features-coloured-icon-boxes-iconcontainer\" data-content-item-container=\"true\"><i class=\"features-coloured-icon fa fa-podcast\" data-cp-fa=\"true\"><\/i><\/div>\r\n<h4 class=\"\">Comprendre\u00a0la m\u00e9diumnit\u00e9<\/h4>\r\n<p class=\"\">Vous poss\u00e9dez d\u00e9j\u00e0 des facult\u00e9s m\u00e9diumniques ou souhaitez mieux comprendre ces interactions avec le monde spirituel, participez \u00e0 des groupes de d\u00e9veloppement de la m\u00e9diumnit\u00e9.<\/p>\r\n\r\n<\/div>\r\n<div class=\"features-coloured-icon-boxes-featurecol cp3cols\">\r\n<div class=\"features-coloured-icon-boxes-iconcontainer\" data-content-item-container=\"true\"><i class=\"features-coloured-icon fa fa-heart\" data-cp-fa=\"true\"><\/i><\/div>\r\n<h4 class=\"\">Etre soutenu<\/h4>\r\n<p class=\"\">Dans les moments douloureux de la vie comme la perte d\u2019un proche, participez \u00e0 des accueils sp\u00e9cifiques ou demandez des pri\u00e8res particuli\u00e8res pour vous et votre entourage.<\/p>\r\n\r\n<\/div>\r\n<\/div>\r\n<\/div>\r\n<\/div>\r\n<div data-label=\"Content\" data-id=\"content-image-right\" data-category=\"content\" class=\"content-right-image-section content-image-right\" id=\"cta-contact\" style=\"background-image: none; background-color: #ffffff;\">\r\n<div class=\"gridContainer\">\r\n<div class=\"content-right-image-gridcol\">\r\n<div class=\"content-right-image-textcol dynamic-color\" data-type=\"column\">\r\n<h2 class=\"\"><b>Consultez-nous pour trouver le groupe <\/b>le plus proche de chez vous<\/h2>\r\n<p class=\"large_text\"><span> Dites le nous via ce formulaire. <span style=\"font-weight: 600;\">L\u2019Union Spirite Fran\u00e7aise et Francophone (USFF) vous recontactera<\/span>. Si aucun groupe n\u2019existe pr\u00e8s de chez vous, nous vous contacterons pour vous donner des alternatives.\u00a0<\/span><\/p>\r\n<p class=\"large_text\">En attendant, <span style=\"font-weight: 600;\">commencez d\u00e8s maintenant<\/span> \u00e0 d\u00e9couvrir le Spiritisme\u2026<\/p>\r\n<a class=\"button color1 white-text\" href=\"#features\" target=\"_self\" data-icon=\"\" rel=\"noopener noreferrer\"> D\u00e9couvrir le Spiritisme <\/a>\r\n<div data-editable=\"true\" data-name=\"ope-custom-content-shortcode\" data-content-shortcode=\"contact-form-7 id=&quot;527&quot; title=&quot;Disclaimer&quot;\" class=\"\">\n<div class=\"wpcf7 no-js\" id=\"wpcf7-f527-o1\" lang=\"fr-FR\" dir=\"ltr\" data-wpcf7-id=\"527\">\n<div class=\"screen-reader-response\"><p role=\"status\" aria-live=\"polite\" aria-atomic=\"true\"><\/p> <ul><\/ul><\/div>\n<form action=\"\/index.php?rest_route=%2Fwp%2Fv2%2Fpages%2F10#wpcf7-f527-o1\" method=\"post\" class=\"wpcf7-form init\" aria-label=\"Formulaire de contact\" novalidate=\"novalidate\" data-status=\"init\">\n<div style=\"display: none;\">\n<input type=\"hidden\" name=\"_wpcf7\" value=\"527\" \/>\n<input type=\"hidden\" name=\"_wpcf7_version\" value=\"6.0.3\" \/>\n<input type=\"hidden\" name=\"_wpcf7_locale\" value=\"fr_FR\" \/>\n<input type=\"hidden\" name=\"_wpcf7_unit_tag\" value=\"wpcf7-f527-o1\" \/>\n<input type=\"hidden\" name=\"_wpcf7_container_post\" value=\"0\" \/>\n<input type=\"hidden\" name=\"_wpcf7_posted_data_hash\" value=\"\" \/>\n<input type=\"hidden\" name=\"_wpcf7_recaptcha_response\" value=\"\" \/>\n<\/div>\n\n<p style=\"font-size:0.6em;text-transform:none;text-align: justify;\">Les informations port\u00e9es sur ce formulaire suivies d\u2019une ast\u00e9risque sont obligatoires. Les informations font l\u2019objet d\u2019un traitement informatis\u00e9 par l'Union Spirite Fran\u00e7aise et Francophone et ses prestataires, destin\u00e9 \u00e0 vous informer lors de la cr\u00e9ation d\u2019un groupe spirite pr\u00e8s de chez vous. Ces donn\u00e9es sont susceptibles d\u2019\u00eatre h\u00e9berg\u00e9es chez des prestataires situ\u00e9s situ\u00e9 aux Etats Unis, adh\u00e9rant au Privacy Shield. Conform\u00e9ment \u00e0 la r\u00e9glementation informatique et libert\u00e9s, vous b\u00e9n\u00e9ficiez d\u2019un droit d\u2019acc\u00e8s et de rectification, de portabilit\u00e9, d\u2019effacement des informations vous concernant ou une limitation du traitement. Pour les exercer, contactez-nous via la <a href= \"https:\/\/www.usff.fr\/nous-contacter\/\">section contact du site de l'USFF.<\/a>\n<\/p><div class=\"wpcf7-response-output\" aria-hidden=\"true\"><\/div>\n<\/form>\n<\/div>\n<\/div>\r\n<\/div>\r\n<div class=\"content-right-image-imgcol\" data-type=\"column\">\r\n<div data-editable=\"true\" data-name=\"ope-custom-content-shortcode\" data-content-shortcode=\"contact-form-7 id=&quot;9&quot; title=&quot;Se faire conna\u00eetre&quot;\" class=\"\">\n<div class=\"wpcf7 no-js\" id=\"wpcf7-f12-o2\" lang=\"fr-FR\" dir=\"ltr\" data-wpcf7-id=\"12\">\n<div class=\"screen-reader-response\"><p role=\"status\" aria-live=\"polite\" aria-atomic=\"true\"><\/p> <ul><\/ul><\/div>\n<form action=\"\/index.php?rest_route=%2Fwp%2Fv2%2Fpages%2F10#wpcf7-f12-o2\" method=\"post\" class=\"wpcf7-form init\" aria-label=\"Formulaire de contact\" novalidate=\"novalidate\" data-status=\"init\">\n<div style=\"display: none;\">\n<input type=\"hidden\" name=\"_wpcf7\" value=\"12\" \/>\n<input type=\"hidden\" name=\"_wpcf7_version\" value=\"6.0.3\" \/>\n<input type=\"hidden\" name=\"_wpcf7_locale\" value=\"fr_FR\" \/>\n<input type=\"hidden\" name=\"_wpcf7_unit_tag\" value=\"wpcf7-f12-o2\" \/>\n<input type=\"hidden\" name=\"_wpcf7_container_post\" value=\"0\" \/>\n<input type=\"hidden\" name=\"_wpcf7_posted_data_hash\" value=\"\" \/>\n<input type=\"hidden\" name=\"_wpcf7_recaptcha_response\" value=\"\" \/>\n<\/div>\n<table width=\"100%\">\n\t<tr>\n\t\t<td style=\"vertical-align:middle\">\n\t\t\t<p><label>Nom (*) <span class=\"wpcf7-form-control-wrap\" data-name=\"nom\"><input size=\"40\" maxlength=\"400\" class=\"wpcf7-form-control wpcf7-text wpcf7-validates-as-required\" aria-required=\"true\" aria-invalid=\"false\" value=\"\" type=\"text\" name=\"nom\" \/><\/span> <\/label>\n\t\t\t<\/p>\n\t\t<\/td>\n\t<\/tr>\n\t<tr>\n\t\t<td style=\"vertical-align:middle\">\n\t\t\t<p><label>Pr\u00e9nom (*) <span class=\"wpcf7-form-control-wrap\" data-name=\"prenom\"><input size=\"40\" maxlength=\"400\" class=\"wpcf7-form-control wpcf7-text wpcf7-validates-as-required\" aria-required=\"true\" aria-invalid=\"false\" value=\"\" type=\"text\" name=\"prenom\" \/><\/span> <\/label>\n\t\t\t<\/p>\n\t\t<\/td>\n\t<\/tr>\n<\/table>\n<table>\n\t<tr>\n\t\t<td width=\"60%\" style=\"vertical-align:middle\">\n\t\t\t<p><label>Email (*) <span class=\"wpcf7-form-control-wrap\" data-name=\"email\"><input size=\"40\" maxlength=\"400\" class=\"wpcf7-form-control wpcf7-email wpcf7-validates-as-required wpcf7-text wpcf7-validates-as-email\" aria-required=\"true\" aria-invalid=\"false\" value=\"\" type=\"email\" name=\"email\" \/><\/span><\/label>\n\t\t\t<\/p>\n\t\t<\/td>\n\t\t<td style=\"vertical-align:middle;padding-left: 10px;\">\n\t\t\t<p><label>T\u00e9l\u00e9phone <span class=\"wpcf7-form-control-wrap\" data-name=\"telephone\"><input size=\"40\" maxlength=\"400\" class=\"wpcf7-form-control wpcf7-tel wpcf7-text wpcf7-validates-as-tel\" aria-invalid=\"false\" value=\"\" type=\"tel\" name=\"telephone\" \/><\/span> <\/label>\n\t\t\t<\/p>\n\t\t<\/td>\n\t<\/tr>\n<\/table>\n<table>\n\t<tr>\n\t\t<td width=\"30%\" style=\"vertical-align:middle\">\n\t\t\t<p><label>Code postal (*) <span class=\"wpcf7-form-control-wrap\" data-name=\"codepostal\"><input size=\"40\" maxlength=\"400\" class=\"wpcf7-form-control wpcf7-text wpcf7-validates-as-required\" aria-required=\"true\" aria-invalid=\"false\" value=\"\" type=\"text\" name=\"codepostal\" \/><\/span> <\/label>\n\t\t\t<\/p>\n\t\t<\/td>\n\t\t<td style=\"vertical-align:middle;padding-left: 10px;\">\n\t\t\t<p><label>Ville (*) <span class=\"wpcf7-form-control-wrap\" data-name=\"ville\"><input size=\"40\" maxlength=\"400\" class=\"wpcf7-form-control wpcf7-text wpcf7-validates-as-required\" aria-required=\"true\" aria-invalid=\"false\" value=\"\" type=\"text\" name=\"ville\" \/><\/span> <\/label>\n\t\t\t<\/p>\n\t\t<\/td>\n\t<\/tr>\n\t<tr>\n\t\t<td colspan=2 style=\"vertical-align:middle\">\n\t\t\t<p><label>Pays (*) <span class=\"wpcf7-form-control-wrap\" data-name=\"pays\"><input size=\"40\" maxlength=\"400\" class=\"wpcf7-form-control wpcf7-text wpcf7-validates-as-required\" aria-required=\"true\" aria-invalid=\"false\" value=\"France\" type=\"text\" name=\"pays\" \/><\/span> <\/label>\n\t\t\t<\/p>\n\t\t<\/td>\n\t<\/tr>\n<\/table>\n<table width=100%>\n\t<tr>\n\t\t<td width=\"60%\" style=\"vertical-align:middle\">\n\t\t\t<p><label>Je connais d\u00e9j\u00e0 le Spiritisme (*)<\/label>\n\t\t\t<\/p>\n\t\t<\/td>\n\t\t<td style=\"vertical-align:middle\">\n\t\t\t<center>\n\t\t\t\t<p><span class=\"wpcf7-form-control-wrap\" data-name=\"connaissance\"><span class=\"wpcf7-form-control wpcf7-radio\"><span class=\"wpcf7-list-item first\"><label><input type=\"radio\" name=\"connaissance\" value=\"oui\" checked=\"checked\" \/><span class=\"wpcf7-list-item-label\">oui<\/span><\/label><\/span><span class=\"wpcf7-list-item last\"><label><input type=\"radio\" name=\"connaissance\" value=\"non\" \/><span class=\"wpcf7-list-item-label\">non<\/span><\/label><\/span><\/span><\/span>\n\t\t\t\t<\/p>\n\t\t\t<\/center>\n\t\t<\/td>\n\t<\/tr>\n\t<tr>\n\t\t<td style=\"vertical-align:middle\">\n\t\t\t<p><label>Je souhaite \u00e9tudier la philosophie spirite (*)<\/label>\n\t\t\t<\/p>\n\t\t<\/td>\n\t\t<td style=\"vertical-align:middle\">\n\t\t\t<center>\n\t\t\t\t<p><span class=\"wpcf7-form-control-wrap\" data-name=\"etude\"><span class=\"wpcf7-form-control wpcf7-radio\"><span class=\"wpcf7-list-item first\"><label><input type=\"radio\" name=\"etude\" value=\"oui\" checked=\"checked\" \/><span class=\"wpcf7-list-item-label\">oui<\/span><\/label><\/span><span class=\"wpcf7-list-item last\"><label><input type=\"radio\" name=\"etude\" value=\"non\" \/><span class=\"wpcf7-list-item-label\">non<\/span><\/label><\/span><\/span><\/span>\n\t\t\t\t<\/p>\n\t\t\t<\/center>\n\t\t<\/td>\n\t<\/tr>\n\t<tr>\n\t\t<td style=\"vertical-align:middle\">\n\t\t\t<p><label>Je souhaite \u00e9tudier la m\u00e9diumnit\u00e9 (*)<\/label>\n\t\t\t<\/p>\n\t\t<\/td>\n\t\t<td style=\"vertical-align:middle\">\n\t\t\t<center>\n\t\t\t\t<p><span class=\"wpcf7-form-control-wrap\" data-name=\"mediumnite\"><span class=\"wpcf7-form-control wpcf7-radio\"><span class=\"wpcf7-list-item first\"><label><input type=\"radio\" name=\"mediumnite\" value=\"oui\" checked=\"checked\" \/><span class=\"wpcf7-list-item-label\">oui<\/span><\/label><\/span><span class=\"wpcf7-list-item last\"><label><input type=\"radio\" name=\"mediumnite\" value=\"non\" \/><span class=\"wpcf7-list-item-label\">non<\/span><\/label><\/span><\/span><\/span>\n\t\t\t\t<\/p>\n\t\t\t<\/center>\n\t\t<\/td>\n\t<\/tr>\n\t<tr>\n\t\t<td colspan=2 style=\"vertical-align:middle;text-align:center;border-radius:2px;color: #777777;font-size:0.83em;text-transform:uppercase;\">\n\t\t\t<p><span class=\"wpcf7-form-control-wrap\" data-name=\"mailjet-opt-in\"><span class=\"wpcf7-form-control wpcf7-checkbox\"><span class=\"wpcf7-list-item first last\"><input type=\"checkbox\" name=\"mailjet-opt-in[]\" value=\"Je souhaite recevoir les actualit\u00e9s de l&#039;USFF\" \/><span class=\"wpcf7-list-item-label\">Je souhaite recevoir les actualit\u00e9s de l&#039;USFF<\/span><\/span><\/span><\/span>\n\t\t\t<\/p>\n\t\t<\/td>\n\t<\/tr>\n<\/table>\n<center>\n\n<\/center>\n<p><input class=\"wpcf7-form-control wpcf7-submit has-spinner\" type=\"submit\" value=\"Envoyer\" \/>\n<\/p><div class=\"wpcf7-response-output\" aria-hidden=\"true\"><\/div>\n<\/form>\n<\/div>\n<\/div>\r\n<\/div>\r\n<\/div>\r\n<\/div>\r\n<\/div>\r\n<div data-label=\"Features\" data-id=\"features-small-icon-cards-section\" data-category=\"features\" class=\"features-small-icon-cards-section\" id=\"features\" style=\"background-image: none; background-color: #f6f6f6;\">\r\n<div class=\"gridContainer\">\r\n<div class=\"features-small-icon-cards-textrow\">\r\n<div class=\"features-small-icon-cards-textcol dynamic-color\" data-type=\"column\">\r\n<h2 class=\"\">En attendant\u2026<\/h2>\r\n<p class=\"\">De nombreux moyens sont \u00e0 votre disposition pour commencer \u00e0 d\u00e9couvrir le Spiritisme par vous m\u00eame ou rencontrer d\u2019autres spirites.<\/p>\r\n\r\n<\/div>\r\n<\/div>\r\n<div class=\"features-small-icon-cards-featuresrow dark-text\" data-type=\"row\">\r\n<div class=\"features-small-icon-cards-featcol cp6cols\">\r\n<div class=\"features-small-icon-cards-featinnerrow\">\r\n<div class=\"features-small-icon-cards-iconcol\"><i class=\"font-icon-23 fa fa-users color6\" data-cp-fa=\"true\"><\/i><\/div>\r\n<div class=\"features-small-icon-cards-feattextcol\" data-type=\"column\">\r\n<h4 class=\"\">L\u2019Union Spirite Fran\u00e7aise et Francophone (USFF)<\/h4>\r\n<p class=\"\">Participez aux \u00e9v\u00e9nements de la f\u00e9d\u00e9ration nationale des groupes spirites Fran\u00e7ais.<\/p>\r\n<a class=\"button small color1 white-text\" href=\"https:\/\/www.usff.fr\" target=\"_self\" data-icon=\"\" rel=\"noopener noreferrer\">En savoir plus<\/a>\r\n\r\n<\/div>\r\n<\/div>\r\n<\/div>\r\n<div class=\"features-small-icon-cards-featcol cp6cols\">\r\n<div class=\"features-small-icon-cards-featinnerrow\">\r\n<div class=\"features-small-icon-cards-iconcol\"><i class=\"font-icon-23 fa color6 fa-video-camera\" data-cp-fa=\"true\"><\/i><\/div>\r\n<div class=\"features-small-icon-cards-feattextcol\" data-type=\"column\">\r\n<h4 class=\"\">Groupes virtuels<\/h4>\r\n<p class=\"\">Participez \u00e0 des r\u00e9unions d\u2019\u00e9tude en ligne<\/p>\r\n<a class=\"button small color1 white-text\" href=\"https:\/\/www.usff.fr\/reunions-virtuelles\" target=\"_self\" data-icon=\"\" rel=\"noopener noreferrer\">En savoir plus <\/a>\r\n\r\n<\/div>\r\n<\/div>\r\n<\/div>\r\n<div class=\"features-small-icon-cards-featcol cp6cols\">\r\n<div class=\"features-small-icon-cards-featinnerrow\">\r\n<div class=\"features-small-icon-cards-iconcol\"><i class=\"font-icon-23 fa fa-newspaper-o color6\" data-cp-fa=\"true\"><\/i><\/div>\r\n<div class=\"features-small-icon-cards-feattextcol\" data-type=\"column\">\r\n<h4 class=\"\">Magazine \u00ab\u00a0Vignes de Lumi\u00e8res\u00a0\u00bb<\/h4>\r\n<p class=\"\">Le magazine gratuit de l\u2019USFF \u00e0 destination des spirites souhaitant \u00e9tudier le Spiritisme.<\/p>\r\n<a class=\"button small color1 white-text\" href=\"https:\/\/www.usff.fr\/vignes-de-lumiere\" target=\"_self\" data-icon=\"\" rel=\"noopener noreferrer\">En savoir plus<\/a>\r\n\r\n<\/div>\r\n<\/div>\r\n<\/div>\r\n<div class=\"features-small-icon-cards-featcol cp6cols\">\r\n<div class=\"features-small-icon-cards-featinnerrow\">\r\n<div class=\"features-small-icon-cards-iconcol\"><i class=\"font-icon-23 fa fa-newspaper-o color6\" data-cp-fa=\"true\"><\/i><\/div>\r\n<div class=\"features-small-icon-cards-feattextcol\" data-type=\"column\">\r\n<h4 class=\"\">La revue spirite<\/h4>\r\n<p class=\"\">La revue officielle du Conseil Spirite Internationale<\/p>\r\n<a class=\"button small color1 white-text\" href=\"https:\/\/cei-spiritistcouncil.com\/10996\/\" target=\"_self\" data-icon=\"\" rel=\"noopener noreferrer\">En savoir plus<\/a>\r\n\r\n<\/div>\r\n<\/div>\r\n<\/div>\r\n<\/div>\r\n<\/div>\r\n<\/div>","protected":false},"excerpt":{"rendered":"<p>Partager et rencontrer Vous \u00eates curieux ou en recherche, les groupes spirites sont des lieux d\u2019accueil et d\u2019\u00e9changes pour partager autour des th\u00e8mes li\u00e9es au Spiritisme : m\u00e9diumnit\u00e9, r\u00e9incarnation, amour actif, \u2026 Etudier le Spiritisme D\u00e9sireux d\u2019approfondir vos connaissances, en petit groupe ou via des conf\u00e9rences, vous pourrez aborder le Spiritisme sous ses 3 aspects&hellip; <br \/> <a class=\"button small blue\" href=\"https:\/\/mongroupe.usff.fr\/?p=7\">Lire la suite<\/a><\/p>\n","protected":false},"author":1,"featured_media":0,"parent":0,"menu_order":0,"comment_status":"closed","ping_status":"closed","template":"","meta":{"footnotes":""},"class_list":["post-10","page","type-page","status-publish","hentry"],"_links":{"self":[{"href":"https:\/\/mongroupe.usff.fr\/index.php?rest_route=\/wp\/v2\/pages\/10","targetHints":{"allow":["GET"]}}],"collection":[{"href":"https:\/\/mongroupe.usff.fr\/index.php?rest_route=\/wp\/v2\/pages"}],"about":[{"href":"https:\/\/mongroupe.usff.fr\/index.php?rest_route=\/wp\/v2\/types\/page"}],"author":[{"embeddable":true,"href":"https:\/\/mongroupe.usff.fr\/index.php?rest_route=\/wp\/v2\/users\/1"}],"replies":[{"embeddable":true,"href":"https:\/\/mongroupe.usff.fr\/index.php?rest_route=%2Fwp%2Fv2%2Fcomments&post=10"}],"version-history":[{"count":6,"href":"https:\/\/mongroupe.usff.fr\/index.php?rest_route=\/wp\/v2\/pages\/10\/revisions"}],"predecessor-version":[{"id":1643,"href":"https:\/\/mongroupe.usff.fr\/index.php?rest_route=\/wp\/v2\/pages\/10\/revisions\/1643"}],"wp:attachment":[{"href":"https:\/\/mongroupe.usff.fr\/index.php?rest_route=%2Fwp%2Fv2%2Fmedia&parent=10"}],"curies":[{"name":"wp","href":"https:\/\/api.w.org\/{rel}","templated":true}]}}